{"id":2109,"date":"2019-04-25T12:47:03","date_gmt":"2019-04-25T10:47:03","guid":{"rendered":"https:\/\/pond-academy.com\/?page_id=2109"},"modified":"2023-11-16T15:02:05","modified_gmt":"2023-11-16T14:02:05","slug":"empfangsdienstseminar","status":"publish","type":"page","link":"https:\/\/pond-academy.com\/en\/kursangebot\/objekt-und-werkschutz\/empfangsdienstseminar\/","title":{"rendered":"Reception service seminar"},"content":{"rendered":"<style type=\"text\/css\" data-created_by=\"avia_inline_auto\" id=\"style-css-av-jpl5phtq-0c6bae36acccad5642b4b85f8f96fa4c\">\n.avia-section.av-jpl5phtq-0c6bae36acccad5642b4b85f8f96fa4c{\nbackground-color:#ededed;\nbackground-image:url(https:\/\/pond-academy.com\/wp-content\/uploads\/pond-security-service-karriere-banner-v1.jpg);\nbackground-repeat:no-repeat;\nbackground-position:50% 50%;\nbackground-attachment:scroll;\n}\n<\/style>\n<div id='banner'  class='avia-section av-jpl5phtq-0c6bae36acccad5642b4b85f8f96fa4c main_color avia-section-default avia-no-border-styling  avia-builder-el-0  el_before_av_submenu  avia-builder-el-first  avia-full-stretch avia-bg-style-scroll av-minimum-height av-minimum-height-50 av-height-50  container_wrap fullsize'  data-section-bg-repeat='stretch' data-av_minimum_height_pc='50' data-av_min_height_opt='50'><div class='container av-section-cont-open' ><main  role=\"main\" itemprop=\"mainContentOfPage\"  class='template-page content  av-content-full alpha units'><div class='post-entry post-entry-type-page post-entry-2109'><div class='entry-content-wrapper clearfix'>\n<section  class='av_textblock_section av-jx09bie2-e2e63f01aa54b58720ba77cac872b92a'   itemscope=\"itemscope\" itemtype=\"https:\/\/schema.org\/CreativeWork\" ><div class='avia_textblock copytext'  itemprop=\"text\" ><p>\u00a9 shutterstock.com by Robert Kneschke<\/p>\n<\/div><\/section>\n\n<\/div><\/div><\/main><!-- close content main element --><\/div><\/div><div class='clear'><\/div><div id='sub_menu1'  class='av-submenu-container av-jriz670p-df1bffb4fe107e0c6c2cdbe3a5119bd1 main_color  avia-builder-el-2  el_after_av_section  el_before_av_section  av-sticky-submenu submenu-not-first container_wrap fullsize' style='z-index:301' ><div class='container av-menu-mobile-disabled av-submenu-pos-center'><ul id=\"menu-unterrichtsinhalte\" class=\"av-subnav-menu\"><li role=\"menuitem\" id=\"menu-item-544\" class=\"menu-item menu-item-type-post_type menu-item-object-page menu-item-top-level menu-item-top-level-1\"><a href=\"https:\/\/pond-academy.com\/en\/kursangebot\/\" itemprop=\"url\" tabindex=\"0\"><span class=\"avia-bullet\"><\/span><span class=\"avia-menu-text\">Course offer<\/span><span class=\"avia-menu-fx\"><span class=\"avia-arrow-wrap\"><span class=\"avia-arrow\"><\/span><\/span><\/span><\/a><\/li>\n<li role=\"menuitem\" id=\"menu-item-1915\" class=\"menu-item menu-item-type-post_type menu-item-object-page menu-item-top-level menu-item-top-level-2\"><a href=\"https:\/\/pond-academy.com\/en\/kursangebot\/objekt-und-werkschutz\/\" itemprop=\"url\" tabindex=\"0\"><span class=\"avia-bullet\"><\/span><span class=\"avia-menu-text\">Facility and plant security<\/span><span class=\"avia-menu-fx\"><span class=\"avia-arrow-wrap\"><span class=\"avia-arrow\"><\/span><\/span><\/span><\/a><\/li>\n<li role=\"menuitem\" id=\"menu-item-2665\" class=\"menu-item menu-item-type-post_type menu-item-object-page menu-item-top-level menu-item-top-level-3\"><a href=\"https:\/\/pond-academy.com\/en\/kursangebot\/waffensachkunde-%c2%a7-7-waffg\/\" itemprop=\"url\" tabindex=\"0\"><span class=\"avia-bullet\"><\/span><span class=\"avia-menu-text\">Weapons expertise \u00a7 7 WaffG<\/span><span class=\"avia-menu-fx\"><span class=\"avia-arrow-wrap\"><span class=\"avia-arrow\"><\/span><\/span><\/span><\/a><\/li>\n<li role=\"menuitem\" id=\"menu-item-1911\" class=\"menu-item menu-item-type-post_type menu-item-object-page menu-item-top-level menu-item-top-level-4\"><a href=\"https:\/\/pond-academy.com\/en\/kursangebot\/brand-strahlen-und-umweltschutz\/\" itemprop=\"url\" tabindex=\"0\"><span class=\"avia-bullet\"><\/span><span class=\"avia-menu-text\">Fire, radiation and environmental protection<\/span><span class=\"avia-menu-fx\"><span class=\"avia-arrow-wrap\"><span class=\"avia-arrow\"><\/span><\/span><\/span><\/a><\/li>\n<li role=\"menuitem\" id=\"menu-item-3483\" class=\"menu-item menu-item-type-post_type menu-item-object-page menu-item-top-level menu-item-top-level-5\"><a href=\"https:\/\/pond-academy.com\/en\/kursangebot\/kurzwaffenkurs-basic\/\" itemprop=\"url\" tabindex=\"0\"><span class=\"avia-bullet\"><\/span><span class=\"avia-menu-text\">Short gun course - Basic<\/span><span class=\"avia-menu-fx\"><span class=\"avia-arrow-wrap\"><span class=\"avia-arrow\"><\/span><\/span><\/span><\/a><\/li>\n<li role=\"menuitem\" id=\"menu-item-3482\" class=\"menu-item menu-item-type-post_type menu-item-object-page menu-item-top-level menu-item-top-level-6\"><a href=\"https:\/\/pond-academy.com\/en\/kursangebot\/kurzwaffenkurs-advanced\/\" itemprop=\"url\" tabindex=\"0\"><span class=\"avia-bullet\"><\/span><span class=\"avia-menu-text\">Short gun course - Advanced<\/span><span class=\"avia-menu-fx\"><span class=\"avia-arrow-wrap\"><span class=\"avia-arrow\"><\/span><\/span><\/span><\/a><\/li>\n<\/ul><\/div><\/div><div class='sticky_placeholder'><\/div>\n<div id='av_section_2'  class='avia-section av-jrnmdlz9-69688573595cce2b046b1439215e1acd main_color avia-section-huge avia-no-border-styling  avia-builder-el-3  el_after_av_submenu  el_before_av_section  avia-bg-style-scroll container_wrap fullsize'  ><div class='container av-section-cont-open' ><div class='template-page content  av-content-full alpha units'><div class='post-entry post-entry-type-page post-entry-2109'><div class='entry-content-wrapper clearfix'>\n\n<style type=\"text\/css\" data-created_by=\"avia_inline_auto\" id=\"style-css-av-3u90-5492bd12fa9b55dcc9eddd92e3bf4d08\">\n.flex_column.av-3u90-5492bd12fa9b55dcc9eddd92e3bf4d08{\n-webkit-border-radius:0px 0px 0px 0px;\n-moz-border-radius:0px 0px 0px 0px;\nborder-radius:0px 0px 0px 0px;\npadding:0px 0px 0px 0px;\n}\n<\/style>\n<div  class='flex_column av-3u90-5492bd12fa9b55dcc9eddd92e3bf4d08 av_two_third  avia-builder-el-4  el_before_av_one_third  avia-builder-el-first  first flex_column_div av-zero-column-padding'     ><section  class='av_textblock_section av-jpl49bk8-0bf31a763b3600ef94ff6979eaaf341d'   itemscope=\"itemscope\" itemtype=\"https:\/\/schema.org\/CreativeWork\" ><div class='avia_textblock'  itemprop=\"text\" ><h1>Reception service seminar<\/h1>\n<\/div><\/section><br \/>\n\n<style type=\"text\/css\" data-created_by=\"avia_inline_auto\" id=\"style-css-av-5dxg-b188357e5982d3c7bd5a218fa7e17846\">\n#top .hr.av-5dxg-b188357e5982d3c7bd5a218fa7e17846{\nmargin-top:20px;\nmargin-bottom:20px;\n}\n.hr.av-5dxg-b188357e5982d3c7bd5a218fa7e17846 .hr-inner{\nwidth:50px;\nborder-color:#bababa;\n}\n<\/style>\n<div  class='hr av-5dxg-b188357e5982d3c7bd5a218fa7e17846 hr-custom  avia-builder-el-6  el_after_av_textblock  el_before_av_textblock  hr-left hr-icon-no'><span class='hr-inner inner-border-av-border-thin'><span class=\"hr-inner-style\"><\/span><\/span><\/div><br \/>\n<section  class='av_textblock_section av-jpl49bk8-0bf31a763b3600ef94ff6979eaaf341d'   itemscope=\"itemscope\" itemtype=\"https:\/\/schema.org\/CreativeWork\" ><div class='avia_textblock'  itemprop=\"text\" ><p><strong>Course duration<\/strong><\/p>\n<p>Zwei Tage mit jeweils acht Stunden<\/p>\n<p><strong>Sonstiges<\/strong><\/p>\n<p>Alle Kurse k\u00f6nnen auch als Inhouse-Seminare in Ihren R\u00e4umen durchgef\u00fchrt werden. Ein flexibler Kursaufbau nach speziellen Kundenw\u00fcnschen ist m\u00f6glich.<br \/>\nSprechen Sie uns einfach an!<\/p>\n<\/div><\/section><\/p><\/div>\n<style type=\"text\/css\" data-created_by=\"avia_inline_auto\" id=\"style-css-av-9vts8-e6ee2f8874a221c4ca7805ee4f6295de\">\n.flex_column.av-9vts8-e6ee2f8874a221c4ca7805ee4f6295de{\n-webkit-border-radius:0px 0px 0px 0px;\n-moz-border-radius:0px 0px 0px 0px;\nborder-radius:0px 0px 0px 0px;\npadding:30px 30px 30px 30px;\nbackground-color:#f7f7f7;\n}\n<\/style>\n<div  class='flex_column av-9vts8-e6ee2f8874a221c4ca7805ee4f6295de av_one_third  avia-builder-el-8  el_after_av_two_third  avia-builder-el-last  flex_column_div'     ><section  class='av_textblock_section av-juv6syod-62e41db39eb9a456c29d37e9f0b7e8e4'   itemscope=\"itemscope\" itemtype=\"https:\/\/schema.org\/CreativeWork\" ><div class='avia_textblock'  itemprop=\"text\" ><h2>REGISTRATION DATES<\/h2>\n<\/div><\/section><br \/>\n\n<style type=\"text\/css\" data-created_by=\"avia_inline_auto\" id=\"style-css-av-juv6t9jz-3d5c323609ef67bc99fa1b38e66bb897\">\n#top .hr.hr-invisible.av-juv6t9jz-3d5c323609ef67bc99fa1b38e66bb897{\nheight:20px;\n}\n<\/style>\n<div  class='hr av-juv6t9jz-3d5c323609ef67bc99fa1b38e66bb897 hr-invisible  avia-builder-el-10  el_after_av_textblock  el_before_av_blog'><span class='hr-inner'><span class=\"hr-inner-style\"><\/span><\/span><\/div><br \/>\n<div  class='av-alb-blogposts template-blog'  itemscope=\"itemscope\" itemtype=\"https:\/\/schema.org\/Blog\" >\r\n    <article class=\"entry\">\r\n        <header class=\"entry-content-header\">\r\n            <h1 class='post-title entry-title'>Nothing Found<\/h1>\r\n        <\/header>\r\n\r\n        <p class=\"entry-content\"  itemprop=\"text\" >Sorry, no posts matched your criteria<\/p>\r\n\r\n        <footer class=\"entry-footer\"><\/footer>\r\n    <\/article>\r\n\r\n<div class='bloglist-compact'><\/div><\/div><\/p><\/div>\n\n<\/div><\/div><\/div><!-- close content main div --><\/div><\/div>\n<style type=\"text\/css\" data-created_by=\"avia_inline_auto\" id=\"style-css-av-2fnc-9350824be33fc7cc28669393d77350d4\">\n.avia-section.av-2fnc-9350824be33fc7cc28669393d77350d4{\nbackground-color:#ededed;\nbackground-image:unset;\n}\n<\/style>\n<div id='av_section_3'  class='avia-section av-2fnc-9350824be33fc7cc28669393d77350d4 main_color avia-section-huge avia-shadow  avia-builder-el-12  el_after_av_section  avia-builder-el-last  avia-bg-style-scroll container_wrap fullsize'  ><div class='container av-section-cont-open' ><div class='template-page content  av-content-full alpha units'><div class='post-entry post-entry-type-page post-entry-2109'><div class='entry-content-wrapper clearfix'>\n\n<style type=\"text\/css\" data-created_by=\"avia_inline_auto\" id=\"style-css-av-aignql-8a9372b948908ae3118d99e05eab129c\">\n#top .av-special-heading.av-aignql-8a9372b948908ae3118d99e05eab129c{\npadding-bottom:80px;\n}\nbody .av-special-heading.av-aignql-8a9372b948908ae3118d99e05eab129c .av-special-heading-tag .heading-char{\nfont-size:25px;\n}\n.av-special-heading.av-aignql-8a9372b948908ae3118d99e05eab129c .av-subheading{\nfont-size:15px;\n}\n<\/style>\n<div  class='av-special-heading av-aignql-8a9372b948908ae3118d99e05eab129c av-special-heading-h2 meta-heading blockquote modern-quote  avia-builder-el-13  el_before_av_one_half  avia-builder-el-first'><h2 class='av-special-heading-tag'  itemprop=\"headline\"  >CONTENT OF THE COURSE<\/h2><div class=\"special-heading-border\"><div class=\"special-heading-inner-border\"><\/div><\/div><\/div>\n<div class='flex_column_table av-3u90-336e4daa85e81600cfba136589ac78a4 sc-av_one_half av-equal-height-column-flextable'>\n<style type=\"text\/css\" data-created_by=\"avia_inline_auto\" id=\"style-css-av-3u90-336e4daa85e81600cfba136589ac78a4\">\n.flex_column.av-3u90-336e4daa85e81600cfba136589ac78a4{\n-webkit-border-radius:0px 0px 0px 0px;\n-moz-border-radius:0px 0px 0px 0px;\nborder-radius:0px 0px 0px 0px;\npadding:0px 0px 0px 0px;\n}\n<\/style>\n<div  class='flex_column av-3u90-336e4daa85e81600cfba136589ac78a4 av_one_half  avia-builder-el-14  el_after_av_heading  el_before_av_one_half  first flex_column_table_cell av-equal-height-column av-align-middle av-zero-column-padding'     ><div  class='avia-icon-list-container av-jpv84951-115d7e5c7daba443253759758c579db2  avia-builder-el-15  avia-builder-el-no-sibling'><ul class='avia-icon-list avia_animate_when_almost_visible avia-icon-list-left av-iconlist-big av-jpv84951-115d7e5c7daba443253759758c579db2 avia-iconlist-animate'>\n<li><div class='iconlist_icon av-8q9hkt-73f35badc9c184782f1999bf85cc4bb1 avia-font-entypo-fontello'><span class='iconlist-char' aria-hidden='true' data-av_icon='\ue854' data-av_iconfont='entypo-fontello'><\/span><\/div><article class=\"article-icon-entry av-iconlist-empty\"  itemscope=\"itemscope\" itemtype=\"https:\/\/schema.org\/CreativeWork\" ><div class=\"iconlist_content_wrap\"><header class=\"entry-content-header\"><h4 class='av_iconlist_title iconlist_title'  itemprop=\"headline\" >Aufgabenstellung f\u00fcr Sicherheitsmitarbeiter\/-innen in den Bereichen Empfangsdienst, Tor- und Pfortendienst<\/h4><\/header><div class='iconlist_content'  itemprop=\"text\" ><\/div><\/div><footer class=\"entry-footer\"><\/footer><\/article><div class=\"iconlist-timeline\"><\/div><\/li>\n<li><div class='iconlist_icon av-7xmr3h-22a39e84244615519759354068417dcf avia-font-entypo-fontello'><span class='iconlist-char' aria-hidden='true' data-av_icon='\ue8d2' data-av_iconfont='entypo-fontello'><\/span><\/div><article class=\"article-icon-entry av-iconlist-empty\"  itemscope=\"itemscope\" itemtype=\"https:\/\/schema.org\/CreativeWork\" ><div class=\"iconlist_content_wrap\"><header class=\"entry-content-header\"><h4 class='av_iconlist_title iconlist_title'  itemprop=\"headline\" >Kommunikation<\/h4><\/header><div class='iconlist_content'  itemprop=\"text\" ><\/div><\/div><footer class=\"entry-footer\"><\/footer><\/article><div class=\"iconlist-timeline\"><\/div><\/li>\n<li><div class='iconlist_icon av-6gfo71-f216c7e86cfa5556f2f97984e3e5d9c4 avia-font-entypo-fontello'><span class='iconlist-char' aria-hidden='true' data-av_icon='\ue82a' data-av_iconfont='entypo-fontello'><\/span><\/div><article class=\"article-icon-entry av-iconlist-empty\"  itemscope=\"itemscope\" itemtype=\"https:\/\/schema.org\/CreativeWork\" ><div class=\"iconlist_content_wrap\"><header class=\"entry-content-header\"><h4 class='av_iconlist_title iconlist_title'  itemprop=\"headline\" >Serviceorientiertes Verhalten<\/h4><\/header><div class='iconlist_content'  itemprop=\"text\" ><\/div><\/div><footer class=\"entry-footer\"><\/footer><\/article><div class=\"iconlist-timeline\"><\/div><\/li>\n<\/ul><\/div><\/div><div class='av-flex-placeholder'><\/div>\n<style type=\"text\/css\" data-created_by=\"avia_inline_auto\" id=\"style-css-av-enh8-09234ad7f1597a1cbc91a23ce9547d6c\">\n.flex_column.av-enh8-09234ad7f1597a1cbc91a23ce9547d6c{\n-webkit-border-radius:0px 0px 0px 0px;\n-moz-border-radius:0px 0px 0px 0px;\nborder-radius:0px 0px 0px 0px;\npadding:0px 0px 0px 0px;\n}\n<\/style>\n<div  class='flex_column av-enh8-09234ad7f1597a1cbc91a23ce9547d6c av_one_half  avia-builder-el-16  el_after_av_one_half  avia-builder-el-last  flex_column_table_cell av-equal-height-column av-align-middle av-zero-column-padding'     ><div  class='avia-icon-list-container av-jpv84951-115d7e5c7daba443253759758c579db2  avia-builder-el-17  avia-builder-el-no-sibling'><ul class='avia-icon-list avia_animate_when_almost_visible avia-icon-list-left av-iconlist-big av-jpv84951-115d7e5c7daba443253759758c579db2 avia-iconlist-animate'>\n<li><div class='iconlist_icon av-3ie5n1-1945b6c7a52f86ac39033414b7757e11 avia-font-entypo-fontello'><span class='iconlist-char' aria-hidden='true' data-av_icon='\ue83f' data-av_iconfont='entypo-fontello'><\/span><\/div><article class=\"article-icon-entry av-iconlist-empty\"  itemscope=\"itemscope\" itemtype=\"https:\/\/schema.org\/CreativeWork\" ><div class=\"iconlist_content_wrap\"><header class=\"entry-content-header\"><h4 class='av_iconlist_title iconlist_title'  itemprop=\"headline\" >Verhalten in besonderen Situationen<\/h4><\/header><div class='iconlist_content'  itemprop=\"text\" ><\/div><\/div><footer class=\"entry-footer\"><\/footer><\/article><div class=\"iconlist-timeline\"><\/div><\/li>\n<li><div class='iconlist_icon av-2tdb31-30b4a855cb649bff3b6e3ef26ade3322 avia-font-entypo-fontello'><span class='iconlist-char' aria-hidden='true' data-av_icon='\ue8b4' data-av_iconfont='entypo-fontello'><\/span><\/div><article class=\"article-icon-entry av-iconlist-empty\"  itemscope=\"itemscope\" itemtype=\"https:\/\/schema.org\/CreativeWork\" ><div class=\"iconlist_content_wrap\"><header class=\"entry-content-header\"><h4 class='av_iconlist_title iconlist_title'  itemprop=\"headline\" >Konfliktbew\u00e4ltigung<\/h4><\/header><div class='iconlist_content'  itemprop=\"text\" ><\/div><\/div><footer class=\"entry-footer\"><\/footer><\/article><div class=\"iconlist-timeline\"><\/div><\/li>\n<\/ul><\/div><\/div><\/div><!--close column table wrapper. Autoclose: 1 -->","protected":false},"excerpt":{"rendered":"","protected":false},"author":1,"featured_media":0,"parent":546,"menu_order":0,"comment_status":"closed","ping_status":"closed","template":"","meta":[],"yoast_head":"<!-- This site is optimized with the Yoast SEO plugin v20.9 - https:\/\/yoast.com\/wordpress\/plugins\/seo\/ -->\n<title>Empfangsdienstseminar | Bildungszentrum Pond Academy GmbH<\/title>\n<meta name=\"description\" content=\"Professionelles Empfangsdienstseminar von Pond Academy: Intensivtraining in Kommunikation und Konfliktbew\u00e4ltigung f\u00fcr Sicherheitspersonal.\" \/>\n<meta name=\"robots\" content=\"index, follow, max-snippet:-1, max-image-preview:large, max-video-preview:-1\" \/>\n<link rel=\"canonical\" href=\"https:\/\/pond-academy.com\/en\/kursangebot\/objekt-und-werkschutz\/empfangsdienstseminar\/\" \/>\n<meta property=\"og:locale\" content=\"en_GB\" \/>\n<meta property=\"og:type\" content=\"article\" \/>\n<meta property=\"og:title\" content=\"Empfangsdienstseminar | Bildungszentrum Pond Academy GmbH\" \/>\n<meta property=\"og:description\" content=\"Professionelles Empfangsdienstseminar von Pond Academy: Intensivtraining in Kommunikation und Konfliktbew\u00e4ltigung f\u00fcr Sicherheitspersonal.\" \/>\n<meta property=\"og:url\" content=\"https:\/\/pond-academy.com\/en\/kursangebot\/objekt-und-werkschutz\/empfangsdienstseminar\/\" \/>\n<meta property=\"og:site_name\" content=\"Bildungszentrum Pond Academy GmbH\" \/>\n<meta property=\"article:modified_time\" content=\"2023-11-16T14:02:05+00:00\" \/>\n<meta property=\"og:image\" content=\"https:\/\/pond-academy.com\/wp-content\/uploads\/pond-logo-academy-neu.png\" \/>\n\t<meta property=\"og:image:width\" content=\"510\" \/>\n\t<meta property=\"og:image:height\" content=\"180\" \/>\n\t<meta property=\"og:image:type\" content=\"image\/png\" \/>\n<meta name=\"twitter:card\" content=\"summary_large_image\" \/>\n<meta name=\"twitter:label1\" content=\"Estimated reading time\" \/>\n\t<meta name=\"twitter:data1\" content=\"3 minutes\" \/>\n<script type=\"application\/ld+json\" class=\"yoast-schema-graph\">{\"@context\":\"https:\/\/schema.org\",\"@graph\":[{\"@type\":\"WebPage\",\"@id\":\"https:\/\/pond-academy.com\/kursangebot\/objekt-und-werkschutz\/empfangsdienstseminar\/\",\"url\":\"https:\/\/pond-academy.com\/kursangebot\/objekt-und-werkschutz\/empfangsdienstseminar\/\",\"name\":\"Empfangsdienstseminar | Bildungszentrum Pond Academy GmbH\",\"isPartOf\":{\"@id\":\"https:\/\/pond-academy.com\/#website\"},\"datePublished\":\"2019-04-25T10:47:03+00:00\",\"dateModified\":\"2023-11-16T14:02:05+00:00\",\"description\":\"Professionelles Empfangsdienstseminar von Pond Academy: Intensivtraining in Kommunikation und Konfliktbew\u00e4ltigung f\u00fcr Sicherheitspersonal.\",\"breadcrumb\":{\"@id\":\"https:\/\/pond-academy.com\/kursangebot\/objekt-und-werkschutz\/empfangsdienstseminar\/#breadcrumb\"},\"inLanguage\":\"en-GB\",\"potentialAction\":[{\"@type\":\"ReadAction\",\"target\":[\"https:\/\/pond-academy.com\/kursangebot\/objekt-und-werkschutz\/empfangsdienstseminar\/\"]}]},{\"@type\":\"BreadcrumbList\",\"@id\":\"https:\/\/pond-academy.com\/kursangebot\/objekt-und-werkschutz\/empfangsdienstseminar\/#breadcrumb\",\"itemListElement\":[{\"@type\":\"ListItem\",\"position\":1,\"name\":\"Startseite\",\"item\":\"https:\/\/pond-academy.com\/home\/\"},{\"@type\":\"ListItem\",\"position\":2,\"name\":\"Kursangebot\",\"item\":\"https:\/\/pond-academy.com\/kursangebot\/\"},{\"@type\":\"ListItem\",\"position\":3,\"name\":\"Objekt- und Werkschutz\",\"item\":\"https:\/\/pond-academy.com\/kursangebot\/objekt-und-werkschutz\/\"},{\"@type\":\"ListItem\",\"position\":4,\"name\":\"Empfangsdienstseminar\"}]},{\"@type\":\"WebSite\",\"@id\":\"https:\/\/pond-academy.com\/#website\",\"url\":\"https:\/\/pond-academy.com\/\",\"name\":\"Bildungszentrum Pond Academy GmbH\",\"description\":\"Die Pond Academy ist ein modernes Bildungszentrum in der Metropolregion Frankfurt\/Rhein-Main, das sich auf die Ausbildung im Sicherheitsgewerbe spezialisiert hat.\",\"publisher\":{\"@id\":\"https:\/\/pond-academy.com\/#organization\"},\"potentialAction\":[{\"@type\":\"SearchAction\",\"target\":{\"@type\":\"EntryPoint\",\"urlTemplate\":\"https:\/\/pond-academy.com\/?s={search_term_string}\"},\"query-input\":\"required name=search_term_string\"}],\"inLanguage\":\"en-GB\"},{\"@type\":\"Organization\",\"@id\":\"https:\/\/pond-academy.com\/#organization\",\"name\":\"Bildungszentrum Pond Academy GmbH\",\"url\":\"https:\/\/pond-academy.com\/\",\"logo\":{\"@type\":\"ImageObject\",\"inLanguage\":\"en-GB\",\"@id\":\"https:\/\/pond-academy.com\/#\/schema\/logo\/image\/\",\"url\":\"https:\/\/pond-academy.com\/wp-content\/uploads\/pond-academy-logo.png\",\"contentUrl\":\"https:\/\/pond-academy.com\/wp-content\/uploads\/pond-academy-logo.png\",\"width\":800,\"height\":323,\"caption\":\"Bildungszentrum Pond Academy GmbH\"},\"image\":{\"@id\":\"https:\/\/pond-academy.com\/#\/schema\/logo\/image\/\"}}]}<\/script>\n<!-- \/ Yoast SEO plugin. -->","yoast_head_json":{"title":"Empfangsdienstseminar | Bildungszentrum Pond Academy GmbH","description":"Professionelles Empfangsdienstseminar von Pond Academy: Intensivtraining in Kommunikation und Konfliktbew\u00e4ltigung f\u00fcr Sicherheitspersonal.","robots":{"index":"index","follow":"follow","max-snippet":"max-snippet:-1","max-image-preview":"max-image-preview:large","max-video-preview":"max-video-preview:-1"},"canonical":"https:\/\/pond-academy.com\/en\/kursangebot\/objekt-und-werkschutz\/empfangsdienstseminar\/","og_locale":"en_GB","og_type":"article","og_title":"Empfangsdienstseminar | Bildungszentrum Pond Academy GmbH","og_description":"Professionelles Empfangsdienstseminar von Pond Academy: Intensivtraining in Kommunikation und Konfliktbew\u00e4ltigung f\u00fcr Sicherheitspersonal.","og_url":"https:\/\/pond-academy.com\/en\/kursangebot\/objekt-und-werkschutz\/empfangsdienstseminar\/","og_site_name":"Bildungszentrum Pond Academy GmbH","article_modified_time":"2023-11-16T14:02:05+00:00","og_image":[{"width":510,"height":180,"url":"https:\/\/pond-academy.com\/wp-content\/uploads\/pond-logo-academy-neu.png","type":"image\/png"}],"twitter_card":"summary_large_image","twitter_misc":{"Estimated reading time":"3 minutes"},"schema":{"@context":"https:\/\/schema.org","@graph":[{"@type":"WebPage","@id":"https:\/\/pond-academy.com\/kursangebot\/objekt-und-werkschutz\/empfangsdienstseminar\/","url":"https:\/\/pond-academy.com\/kursangebot\/objekt-und-werkschutz\/empfangsdienstseminar\/","name":"Empfangsdienstseminar | Bildungszentrum Pond Academy GmbH","isPartOf":{"@id":"https:\/\/pond-academy.com\/#website"},"datePublished":"2019-04-25T10:47:03+00:00","dateModified":"2023-11-16T14:02:05+00:00","description":"Professionelles Empfangsdienstseminar von Pond Academy: Intensivtraining in Kommunikation und Konfliktbew\u00e4ltigung f\u00fcr Sicherheitspersonal.","breadcrumb":{"@id":"https:\/\/pond-academy.com\/kursangebot\/objekt-und-werkschutz\/empfangsdienstseminar\/#breadcrumb"},"inLanguage":"en-GB","potentialAction":[{"@type":"ReadAction","target":["https:\/\/pond-academy.com\/kursangebot\/objekt-und-werkschutz\/empfangsdienstseminar\/"]}]},{"@type":"BreadcrumbList","@id":"https:\/\/pond-academy.com\/kursangebot\/objekt-und-werkschutz\/empfangsdienstseminar\/#breadcrumb","itemListElement":[{"@type":"ListItem","position":1,"name":"Startseite","item":"https:\/\/pond-academy.com\/home\/"},{"@type":"ListItem","position":2,"name":"Kursangebot","item":"https:\/\/pond-academy.com\/kursangebot\/"},{"@type":"ListItem","position":3,"name":"Objekt- und Werkschutz","item":"https:\/\/pond-academy.com\/kursangebot\/objekt-und-werkschutz\/"},{"@type":"ListItem","position":4,"name":"Empfangsdienstseminar"}]},{"@type":"WebSite","@id":"https:\/\/pond-academy.com\/#website","url":"https:\/\/pond-academy.com\/","name":"Bildungszentrum Pond Academy GmbH","description":"Die Pond Academy ist ein modernes Bildungszentrum in der Metropolregion Frankfurt\/Rhein-Main, das sich auf die Ausbildung im Sicherheitsgewerbe spezialisiert hat.","publisher":{"@id":"https:\/\/pond-academy.com\/#organization"},"potentialAction":[{"@type":"SearchAction","target":{"@type":"EntryPoint","urlTemplate":"https:\/\/pond-academy.com\/?s={search_term_string}"},"query-input":"required name=search_term_string"}],"inLanguage":"en-GB"},{"@type":"Organization","@id":"https:\/\/pond-academy.com\/#organization","name":"Bildungszentrum Pond Academy GmbH","url":"https:\/\/pond-academy.com\/","logo":{"@type":"ImageObject","inLanguage":"en-GB","@id":"https:\/\/pond-academy.com\/#\/schema\/logo\/image\/","url":"https:\/\/pond-academy.com\/wp-content\/uploads\/pond-academy-logo.png","contentUrl":"https:\/\/pond-academy.com\/wp-content\/uploads\/pond-academy-logo.png","width":800,"height":323,"caption":"Bildungszentrum Pond Academy GmbH"},"image":{"@id":"https:\/\/pond-academy.com\/#\/schema\/logo\/image\/"}}]}},"_links":{"self":[{"href":"https:\/\/pond-academy.com\/en\/wp-json\/wp\/v2\/pages\/2109"}],"collection":[{"href":"https:\/\/pond-academy.com\/en\/wp-json\/wp\/v2\/pages"}],"about":[{"href":"https:\/\/pond-academy.com\/en\/wp-json\/wp\/v2\/types\/page"}],"author":[{"embeddable":true,"href":"https:\/\/pond-academy.com\/en\/wp-json\/wp\/v2\/users\/1"}],"replies":[{"embeddable":true,"href":"https:\/\/pond-academy.com\/en\/wp-json\/wp\/v2\/comments?post=2109"}],"version-history":[{"count":2,"href":"https:\/\/pond-academy.com\/en\/wp-json\/wp\/v2\/pages\/2109\/revisions"}],"predecessor-version":[{"id":3576,"href":"https:\/\/pond-academy.com\/en\/wp-json\/wp\/v2\/pages\/2109\/revisions\/3576"}],"up":[{"embeddable":true,"href":"https:\/\/pond-academy.com\/en\/wp-json\/wp\/v2\/pages\/546"}],"wp:attachment":[{"href":"https:\/\/pond-academy.com\/en\/wp-json\/wp\/v2\/media?parent=2109"}],"curies":[{"name":"wp","href":"https:\/\/api.w.org\/{rel}","templated":true}]}}