{"id":1849,"date":"2019-04-17T15:19:42","date_gmt":"2019-04-17T13:19:42","guid":{"rendered":"https:\/\/pond-academy.com\/?page_id=1849"},"modified":"2023-11-16T14:41:45","modified_gmt":"2023-11-16T13:41:45","slug":"konzept","status":"publish","type":"page","link":"https:\/\/pond-academy.com\/en\/bildungszentrum\/konzept\/","title":{"rendered":"Concept"},"content":{"rendered":"<style type=\"text\/css\" data-created_by=\"avia_inline_auto\" id=\"style-css-av-jpl5phtq-b10f37759f5f8c4cd44833f2dbaa451a\">\n.avia-section.av-jpl5phtq-b10f37759f5f8c4cd44833f2dbaa451a{\nbackground-color:#ededed;\nbackground-image:url(https:\/\/pond-academy.com\/wp-content\/uploads\/pond-academy-seminar-schulung-vortrag.jpg);\nbackground-repeat:no-repeat;\nbackground-position:50% 50%;\nbackground-attachment:scroll;\n}\n<\/style>\n<div id='banner'  class='avia-section av-jpl5phtq-b10f37759f5f8c4cd44833f2dbaa451a main_color avia-section-default avia-no-border-styling  avia-builder-el-0  el_before_av_submenu  avia-builder-el-first  avia-full-stretch avia-bg-style-scroll av-minimum-height av-minimum-height-50 av-height-50  container_wrap fullsize'  data-section-bg-repeat='stretch' data-av_minimum_height_pc='50' data-av_min_height_opt='50'><div class='container av-section-cont-open' ><main  role=\"main\" itemprop=\"mainContentOfPage\"  class='template-page content  av-content-full alpha units'><div class='post-entry post-entry-type-page post-entry-1849'><div class='entry-content-wrapper clearfix'>\n\n<style type=\"text\/css\" data-created_by=\"avia_inline_auto\" id=\"style-css-av-jx0ay5co-58494862e1b258b9e48840e88bd2cfa6\">\n#top .av_textblock_section.av-jx0ay5co-58494862e1b258b9e48840e88bd2cfa6 .avia_textblock{\ncolor:#b2b2b2;\n}\n<\/style>\n<section  class='av_textblock_section av-jx0ay5co-58494862e1b258b9e48840e88bd2cfa6'   itemscope=\"itemscope\" itemtype=\"https:\/\/schema.org\/CreativeWork\" ><div class='avia_textblock copytext av_inherit_color'  itemprop=\"text\" ><p style=\"text-align: right;\">\u00a9 shutterstock.com by Andrei_R<\/p>\n<\/div><\/section>\n\n<\/div><\/div><\/main><!-- close content main element --><\/div><\/div><div class='clear'><\/div><div id='sub_menu1'  class='av-submenu-container av-jumlrv2c-5e57695ddc4b122254c28b408ac7fe6c main_color  avia-builder-el-2  el_after_av_section  el_before_av_section  av-sticky-submenu submenu-not-first container_wrap fullsize' style='z-index:301' ><div class='container av-menu-mobile-disabled av-submenu-pos-center'><ul id=\"menu-bildungszentrum\" class=\"av-subnav-menu\"><li role=\"menuitem\" id=\"menu-item-503\" class=\"menu-item menu-item-type-post_type menu-item-object-page menu-item-top-level menu-item-top-level-1\"><a href=\"https:\/\/pond-academy.com\/en\/bildungszentrum\/\" itemprop=\"url\" tabindex=\"0\"><span class=\"avia-bullet\"><\/span><span class=\"avia-menu-text\">Education center<\/span><span class=\"avia-menu-fx\"><span class=\"avia-arrow-wrap\"><span class=\"avia-arrow\"><\/span><\/span><\/span><\/a><\/li>\n<li role=\"menuitem\" id=\"menu-item-1927\" class=\"menu-item menu-item-type-post_type menu-item-object-page menu-item-top-level menu-item-top-level-2\"><a href=\"https:\/\/pond-academy.com\/en\/bildungszentrum\/konzept\/\" itemprop=\"url\" tabindex=\"0\"><span class=\"avia-bullet\"><\/span><span class=\"avia-menu-text\">Concept<\/span><span class=\"avia-menu-fx\"><span class=\"avia-arrow-wrap\"><span class=\"avia-arrow\"><\/span><\/span><\/span><\/a><\/li>\n<li role=\"menuitem\" id=\"menu-item-3693\" class=\"menu-item menu-item-type-post_type menu-item-object-page menu-item-top-level menu-item-top-level-3\"><a href=\"https:\/\/pond-academy.com\/en\/bildungszentrum\/nachhaltigkeit\/\" itemprop=\"url\" tabindex=\"0\"><span class=\"avia-bullet\"><\/span><span class=\"avia-menu-text\">Sustainability<\/span><span class=\"avia-menu-fx\"><span class=\"avia-arrow-wrap\"><span class=\"avia-arrow\"><\/span><\/span><\/span><\/a><\/li>\n<li role=\"menuitem\" id=\"menu-item-3683\" class=\"menu-item menu-item-type-custom menu-item-object-custom menu-item-top-level menu-item-top-level-4\"><a href=\"https:\/\/pond-academy.com\/en\/bildungszentrum\/#Zertifikate\" itemprop=\"url\" tabindex=\"0\"><span class=\"avia-bullet\"><\/span><span class=\"avia-menu-text\">Zertifikate<\/span><span class=\"avia-menu-fx\"><span class=\"avia-arrow-wrap\"><span class=\"avia-arrow\"><\/span><\/span><\/span><\/a><\/li>\n<li role=\"menuitem\" id=\"menu-item-1926\" class=\"menu-item menu-item-type-post_type menu-item-object-page menu-item-top-level menu-item-top-level-5\"><a href=\"https:\/\/pond-academy.com\/en\/bildungszentrum\/dozenten\/\" itemprop=\"url\" tabindex=\"0\"><span class=\"avia-bullet\"><\/span><span class=\"avia-menu-text\">Lecturers<\/span><span class=\"avia-menu-fx\"><span class=\"avia-arrow-wrap\"><span class=\"avia-arrow\"><\/span><\/span><\/span><\/a><\/li>\n<li role=\"menuitem\" id=\"menu-item-1925\" class=\"menu-item menu-item-type-post_type menu-item-object-page menu-item-top-level menu-item-top-level-6\"><a href=\"https:\/\/pond-academy.com\/en\/bildungszentrum\/ausbildungsort\/\" itemprop=\"url\" tabindex=\"0\"><span class=\"avia-bullet\"><\/span><span class=\"avia-menu-text\">Training location<\/span><span class=\"avia-menu-fx\"><span class=\"avia-arrow-wrap\"><span class=\"avia-arrow\"><\/span><\/span><\/span><\/a><\/li>\n<li role=\"menuitem\" id=\"menu-item-1924\" class=\"menu-item menu-item-type-post_type menu-item-object-page menu-item-top-level menu-item-top-level-7\"><a href=\"https:\/\/pond-academy.com\/en\/bildungszentrum\/schiessausbildungszentrum\/\" itemprop=\"url\" tabindex=\"0\"><span class=\"avia-bullet\"><\/span><span class=\"avia-menu-text\">Shooting training centre<\/span><span class=\"avia-menu-fx\"><span class=\"avia-arrow-wrap\"><span class=\"avia-arrow\"><\/span><\/span><\/span><\/a><\/li>\n<li role=\"menuitem\" id=\"menu-item-1923\" class=\"menu-item menu-item-type-post_type menu-item-object-page menu-item-top-level menu-item-top-level-8\"><a href=\"https:\/\/pond-academy.com\/en\/bildungszentrum\/raeume-mieten\/\" itemprop=\"url\" tabindex=\"0\"><span class=\"avia-bullet\"><\/span><span class=\"avia-menu-text\">Rent rooms<\/span><span class=\"avia-menu-fx\"><span class=\"avia-arrow-wrap\"><span class=\"avia-arrow\"><\/span><\/span><\/span><\/a><\/li>\n<\/ul><\/div><\/div><div class='sticky_placeholder'><\/div>\n\n<style type=\"text\/css\" data-created_by=\"avia_inline_auto\" id=\"style-css-av-2fnc-4beeb12fbb38e0e736a9cdc20eac00c2\">\n.avia-section.av-2fnc-4beeb12fbb38e0e736a9cdc20eac00c2 .av-section-color-overlay{\nopacity:0.7;\nbackground-color:#ffffff;\n}\n<\/style>\n<div id='av_section_2'  class='avia-section av-2fnc-4beeb12fbb38e0e736a9cdc20eac00c2 main_color avia-section-huge avia-shadow  avia-builder-el-3  el_after_av_submenu  avia-builder-el-last  avia-bg-style-scroll av-section-color-overlay-active container_wrap fullsize'  ><div class=\"av-section-color-overlay-wrap\"><div class=\"av-section-color-overlay\"><\/div><div class='container av-section-cont-open' ><div class='template-page content  av-content-full alpha units'><div class='post-entry post-entry-type-page post-entry-1849'><div class='entry-content-wrapper clearfix'>\n<div class='flex_column_table av-3u90-336e4daa85e81600cfba136589ac78a4 sc-av_four_fifth av-equal-height-column-flextable'>\n<style type=\"text\/css\" data-created_by=\"avia_inline_auto\" id=\"style-css-av-3u90-336e4daa85e81600cfba136589ac78a4\">\n.flex_column.av-3u90-336e4daa85e81600cfba136589ac78a4{\n-webkit-border-radius:0px 0px 0px 0px;\n-moz-border-radius:0px 0px 0px 0px;\nborder-radius:0px 0px 0px 0px;\npadding:0px 0px 0px 0px;\n}\n<\/style>\n<div  class='flex_column av-3u90-336e4daa85e81600cfba136589ac78a4 av_four_fifth  avia-builder-el-4  el_before_av_one_fifth  avia-builder-el-first  first flex_column_table_cell av-equal-height-column av-align-middle av-zero-column-padding'     ><section  class='av_textblock_section av-jpl49bk8-0bf31a763b3600ef94ff6979eaaf341d'   itemscope=\"itemscope\" itemtype=\"https:\/\/schema.org\/CreativeWork\" ><div class='avia_textblock'  itemprop=\"text\" ><h2 style=\"text-align: left;\"><strong>Our proven training concept for the German security industry.<\/strong><\/h2>\n<\/div><\/section><br \/>\n\n<style type=\"text\/css\" data-created_by=\"avia_inline_auto\" id=\"style-css-av-5dxg-b188357e5982d3c7bd5a218fa7e17846\">\n#top .hr.av-5dxg-b188357e5982d3c7bd5a218fa7e17846{\nmargin-top:20px;\nmargin-bottom:20px;\n}\n.hr.av-5dxg-b188357e5982d3c7bd5a218fa7e17846 .hr-inner{\nwidth:50px;\nborder-color:#bababa;\n}\n<\/style>\n<div  class='hr av-5dxg-b188357e5982d3c7bd5a218fa7e17846 hr-custom  avia-builder-el-6  el_after_av_textblock  el_before_av_textblock  hr-left hr-icon-no'><span class='hr-inner inner-border-av-border-thin'><span class=\"hr-inner-style\"><\/span><\/span><\/div><br \/>\n<section  class='av_textblock_section av-jpl49bk8-0bf31a763b3600ef94ff6979eaaf341d'   itemscope=\"itemscope\" itemtype=\"https:\/\/schema.org\/CreativeWork\" ><div class='avia_textblock'  itemprop=\"text\" ><p><strong>Ongoing quality assurance and the valuable practical knowledge of our lecturers and trainers from the high-security sector form the basis of the POND ACADEMY concept.<\/strong><\/p>\n<p>The valuable practical knowledge of our experienced lecturers and trainers from the high-security sector as well as our many years of experience in the training and further education of security personnel are the unique selling points that have made the POND ACADEMY one of the leading training centres for the German security industry. Social skills and sensitivity play just as important a role in our curricula as learning content, practical case studies and internships in different areas.<\/p>\n<p>Since its foundation in February 2004, our teaching concept has been based on the fundamental definition of the most important factors for training courses and seminars in all specialist areas in order to provide participants with comprehensive specialist knowledge. POND ACADEMY guarantees the permanent quality assurance of its training and further education programmes by constantly adapting and expanding the teaching content in all specialist areas. POND ACADEMY is committed to this quality assurance, which forms the basis of its permanently high training standards.<\/p>\n<p>As an independent training provider, POND ACADEMY fulfils all requirements for compact, interdisciplinary and practical professional training courses that are tailored to the individual requirements of industry, business and private clients. For this reason, we also offer customised and specific training courses on request.<\/p>\n<\/div><\/section><\/p><\/div><div class='av-flex-placeholder'><\/div>\n<style type=\"text\/css\" data-created_by=\"avia_inline_auto\" id=\"style-css-av-9vts8-b09e13fdad6095933863f701e3c30827\">\n.flex_column.av-9vts8-b09e13fdad6095933863f701e3c30827{\n-webkit-border-radius:0px 0px 0px 0px;\n-moz-border-radius:0px 0px 0px 0px;\nborder-radius:0px 0px 0px 0px;\npadding:0px 0px 0px 0px;\n}\n<\/style>\n<div  class='flex_column av-9vts8-b09e13fdad6095933863f701e3c30827 av_one_fifth  avia-builder-el-8  el_after_av_four_fifth  avia-builder-el-last  flex_column_table_cell av-equal-height-column av-align-middle av-zero-column-padding'     ><\/div><\/div><!--close column table wrapper. Autoclose: 1 -->","protected":false},"excerpt":{"rendered":"","protected":false},"author":1,"featured_media":0,"parent":480,"menu_order":2,"comment_status":"closed","ping_status":"closed","template":"","meta":[],"yoast_head":"<!-- This site is optimized with the Yoast SEO plugin v20.9 - https:\/\/yoast.com\/wordpress\/plugins\/seo\/ -->\n<title>Konzept | Bildungszentrum Pond Academy GmbH<\/title>\n<meta name=\"description\" content=\"Erfahren Sie bei Pond Academy alles \u00fcber unser bew\u00e4hrtes Konzept zur Qualit\u00e4tssicherung in der Sicherheitsausbildung.\" \/>\n<meta name=\"robots\" content=\"index, follow, max-snippet:-1, max-image-preview:large, max-video-preview:-1\" \/>\n<link rel=\"canonical\" href=\"https:\/\/pond-academy.com\/en\/bildungszentrum\/konzept\/\" \/>\n<meta property=\"og:locale\" content=\"en_GB\" \/>\n<meta property=\"og:type\" content=\"article\" \/>\n<meta property=\"og:title\" content=\"Konzept | Bildungszentrum Pond Academy GmbH\" \/>\n<meta property=\"og:description\" content=\"Erfahren Sie bei Pond Academy alles \u00fcber unser bew\u00e4hrtes Konzept zur Qualit\u00e4tssicherung in der Sicherheitsausbildung.\" \/>\n<meta property=\"og:url\" content=\"https:\/\/pond-academy.com\/en\/bildungszentrum\/konzept\/\" \/>\n<meta property=\"og:site_name\" content=\"Bildungszentrum Pond Academy GmbH\" \/>\n<meta property=\"article:modified_time\" content=\"2023-11-16T13:41:45+00:00\" \/>\n<meta property=\"og:image\" content=\"https:\/\/pond-academy.com\/wp-content\/uploads\/pond-logo-academy-neu.png\" \/>\n\t<meta property=\"og:image:width\" content=\"510\" \/>\n\t<meta property=\"og:image:height\" content=\"180\" \/>\n\t<meta property=\"og:image:type\" content=\"image\/png\" \/>\n<meta name=\"twitter:card\" content=\"summary_large_image\" \/>\n<meta name=\"twitter:label1\" content=\"Estimated reading time\" \/>\n\t<meta name=\"twitter:data1\" content=\"3 minutes\" \/>\n<script type=\"application\/ld+json\" class=\"yoast-schema-graph\">{\"@context\":\"https:\/\/schema.org\",\"@graph\":[{\"@type\":\"WebPage\",\"@id\":\"https:\/\/pond-academy.com\/bildungszentrum\/konzept\/\",\"url\":\"https:\/\/pond-academy.com\/bildungszentrum\/konzept\/\",\"name\":\"Konzept | Bildungszentrum Pond Academy GmbH\",\"isPartOf\":{\"@id\":\"https:\/\/pond-academy.com\/#website\"},\"datePublished\":\"2019-04-17T13:19:42+00:00\",\"dateModified\":\"2023-11-16T13:41:45+00:00\",\"description\":\"Erfahren Sie bei Pond Academy alles \u00fcber unser bew\u00e4hrtes Konzept zur Qualit\u00e4tssicherung in der Sicherheitsausbildung.\",\"breadcrumb\":{\"@id\":\"https:\/\/pond-academy.com\/bildungszentrum\/konzept\/#breadcrumb\"},\"inLanguage\":\"en-GB\",\"potentialAction\":[{\"@type\":\"ReadAction\",\"target\":[\"https:\/\/pond-academy.com\/bildungszentrum\/konzept\/\"]}]},{\"@type\":\"BreadcrumbList\",\"@id\":\"https:\/\/pond-academy.com\/bildungszentrum\/konzept\/#breadcrumb\",\"itemListElement\":[{\"@type\":\"ListItem\",\"position\":1,\"name\":\"Startseite\",\"item\":\"https:\/\/pond-academy.com\/home\/\"},{\"@type\":\"ListItem\",\"position\":2,\"name\":\"Bildungszentrum\",\"item\":\"https:\/\/pond-academy.com\/bildungszentrum\/\"},{\"@type\":\"ListItem\",\"position\":3,\"name\":\"Konzept\"}]},{\"@type\":\"WebSite\",\"@id\":\"https:\/\/pond-academy.com\/#website\",\"url\":\"https:\/\/pond-academy.com\/\",\"name\":\"Bildungszentrum Pond Academy GmbH\",\"description\":\"Die Pond Academy ist ein modernes Bildungszentrum in der Metropolregion Frankfurt\/Rhein-Main, das sich auf die Ausbildung im Sicherheitsgewerbe spezialisiert hat.\",\"publisher\":{\"@id\":\"https:\/\/pond-academy.com\/#organization\"},\"potentialAction\":[{\"@type\":\"SearchAction\",\"target\":{\"@type\":\"EntryPoint\",\"urlTemplate\":\"https:\/\/pond-academy.com\/?s={search_term_string}\"},\"query-input\":\"required name=search_term_string\"}],\"inLanguage\":\"en-GB\"},{\"@type\":\"Organization\",\"@id\":\"https:\/\/pond-academy.com\/#organization\",\"name\":\"Bildungszentrum Pond Academy GmbH\",\"url\":\"https:\/\/pond-academy.com\/\",\"logo\":{\"@type\":\"ImageObject\",\"inLanguage\":\"en-GB\",\"@id\":\"https:\/\/pond-academy.com\/#\/schema\/logo\/image\/\",\"url\":\"https:\/\/pond-academy.com\/wp-content\/uploads\/pond-academy-logo.png\",\"contentUrl\":\"https:\/\/pond-academy.com\/wp-content\/uploads\/pond-academy-logo.png\",\"width\":800,\"height\":323,\"caption\":\"Bildungszentrum Pond Academy GmbH\"},\"image\":{\"@id\":\"https:\/\/pond-academy.com\/#\/schema\/logo\/image\/\"}}]}<\/script>\n<!-- \/ Yoast SEO plugin. -->","yoast_head_json":{"title":"Konzept | Bildungszentrum Pond Academy GmbH","description":"Erfahren Sie bei Pond Academy alles \u00fcber unser bew\u00e4hrtes Konzept zur Qualit\u00e4tssicherung in der Sicherheitsausbildung.","robots":{"index":"index","follow":"follow","max-snippet":"max-snippet:-1","max-image-preview":"max-image-preview:large","max-video-preview":"max-video-preview:-1"},"canonical":"https:\/\/pond-academy.com\/en\/bildungszentrum\/konzept\/","og_locale":"en_GB","og_type":"article","og_title":"Konzept | Bildungszentrum Pond Academy GmbH","og_description":"Erfahren Sie bei Pond Academy alles \u00fcber unser bew\u00e4hrtes Konzept zur Qualit\u00e4tssicherung in der Sicherheitsausbildung.","og_url":"https:\/\/pond-academy.com\/en\/bildungszentrum\/konzept\/","og_site_name":"Bildungszentrum Pond Academy GmbH","article_modified_time":"2023-11-16T13:41:45+00:00","og_image":[{"width":510,"height":180,"url":"https:\/\/pond-academy.com\/wp-content\/uploads\/pond-logo-academy-neu.png","type":"image\/png"}],"twitter_card":"summary_large_image","twitter_misc":{"Estimated reading time":"3 minutes"},"schema":{"@context":"https:\/\/schema.org","@graph":[{"@type":"WebPage","@id":"https:\/\/pond-academy.com\/bildungszentrum\/konzept\/","url":"https:\/\/pond-academy.com\/bildungszentrum\/konzept\/","name":"Konzept | Bildungszentrum Pond Academy GmbH","isPartOf":{"@id":"https:\/\/pond-academy.com\/#website"},"datePublished":"2019-04-17T13:19:42+00:00","dateModified":"2023-11-16T13:41:45+00:00","description":"Erfahren Sie bei Pond Academy alles \u00fcber unser bew\u00e4hrtes Konzept zur Qualit\u00e4tssicherung in der Sicherheitsausbildung.","breadcrumb":{"@id":"https:\/\/pond-academy.com\/bildungszentrum\/konzept\/#breadcrumb"},"inLanguage":"en-GB","potentialAction":[{"@type":"ReadAction","target":["https:\/\/pond-academy.com\/bildungszentrum\/konzept\/"]}]},{"@type":"BreadcrumbList","@id":"https:\/\/pond-academy.com\/bildungszentrum\/konzept\/#breadcrumb","itemListElement":[{"@type":"ListItem","position":1,"name":"Startseite","item":"https:\/\/pond-academy.com\/home\/"},{"@type":"ListItem","position":2,"name":"Bildungszentrum","item":"https:\/\/pond-academy.com\/bildungszentrum\/"},{"@type":"ListItem","position":3,"name":"Konzept"}]},{"@type":"WebSite","@id":"https:\/\/pond-academy.com\/#website","url":"https:\/\/pond-academy.com\/","name":"Bildungszentrum Pond Academy GmbH","description":"Die Pond Academy ist ein modernes Bildungszentrum in der Metropolregion Frankfurt\/Rhein-Main, das sich auf die Ausbildung im Sicherheitsgewerbe spezialisiert hat.","publisher":{"@id":"https:\/\/pond-academy.com\/#organization"},"potentialAction":[{"@type":"SearchAction","target":{"@type":"EntryPoint","urlTemplate":"https:\/\/pond-academy.com\/?s={search_term_string}"},"query-input":"required name=search_term_string"}],"inLanguage":"en-GB"},{"@type":"Organization","@id":"https:\/\/pond-academy.com\/#organization","name":"Bildungszentrum Pond Academy GmbH","url":"https:\/\/pond-academy.com\/","logo":{"@type":"ImageObject","inLanguage":"en-GB","@id":"https:\/\/pond-academy.com\/#\/schema\/logo\/image\/","url":"https:\/\/pond-academy.com\/wp-content\/uploads\/pond-academy-logo.png","contentUrl":"https:\/\/pond-academy.com\/wp-content\/uploads\/pond-academy-logo.png","width":800,"height":323,"caption":"Bildungszentrum Pond Academy GmbH"},"image":{"@id":"https:\/\/pond-academy.com\/#\/schema\/logo\/image\/"}}]}},"_links":{"self":[{"href":"https:\/\/pond-academy.com\/en\/wp-json\/wp\/v2\/pages\/1849"}],"collection":[{"href":"https:\/\/pond-academy.com\/en\/wp-json\/wp\/v2\/pages"}],"about":[{"href":"https:\/\/pond-academy.com\/en\/wp-json\/wp\/v2\/types\/page"}],"author":[{"embeddable":true,"href":"https:\/\/pond-academy.com\/en\/wp-json\/wp\/v2\/users\/1"}],"replies":[{"embeddable":true,"href":"https:\/\/pond-academy.com\/en\/wp-json\/wp\/v2\/comments?post=1849"}],"version-history":[{"count":2,"href":"https:\/\/pond-academy.com\/en\/wp-json\/wp\/v2\/pages\/1849\/revisions"}],"predecessor-version":[{"id":3569,"href":"https:\/\/pond-academy.com\/en\/wp-json\/wp\/v2\/pages\/1849\/revisions\/3569"}],"up":[{"embeddable":true,"href":"https:\/\/pond-academy.com\/en\/wp-json\/wp\/v2\/pages\/480"}],"wp:attachment":[{"href":"https:\/\/pond-academy.com\/en\/wp-json\/wp\/v2\/media?parent=1849"}],"curies":[{"name":"wp","href":"https:\/\/api.w.org\/{rel}","templated":true}]}}