{"id":158,"date":"2018-12-20T11:42:49","date_gmt":"2018-12-20T10:42:49","guid":{"rendered":"https:\/\/pond-academy.com\/?page_id=158"},"modified":"2019-06-17T14:34:53","modified_gmt":"2019-06-17T12:34:53","slug":"haftung","status":"publish","type":"page","link":"https:\/\/pond-academy.com\/en\/haftung\/","title":{"rendered":"Liability"},"content":{"rendered":"<style type=\"text\/css\" data-created_by=\"avia_inline_auto\" id=\"style-css-av-jpl5phtq-1c479bb390b4642b4428d7bbfd3f685d\">\n.avia-section.av-jpl5phtq-1c479bb390b4642b4428d7bbfd3f685d{\nbackground-repeat:no-repeat;\nbackground-image:url(https:\/\/pond-academy.com\/wp-content\/uploads\/pond-security-slide-01.jpg);\nbackground-position:50% 50%;\nbackground-attachment:scroll;\n}\n<\/style>\n<div id='banner'  class='avia-section av-jpl5phtq-1c479bb390b4642b4428d7bbfd3f685d main_color avia-section-default avia-no-border-styling  avia-builder-el-0  el_before_av_section  avia-builder-el-first  avia-full-stretch avia-bg-style-scroll av-minimum-height av-minimum-height-25 av-height-25  container_wrap fullsize'  data-section-bg-repeat='stretch' data-av_minimum_height_pc='25' data-av_min_height_opt='25'><div class='container av-section-cont-open' ><main  role=\"main\" itemprop=\"mainContentOfPage\"  class='template-page content  av-content-full alpha units'><div class='post-entry post-entry-type-page post-entry-158'><div class='entry-content-wrapper clearfix'>\n<section  class='av_textblock_section av-jx0b5vxw-154c24a009cadc736205ba219a95a1fd'   itemscope=\"itemscope\" itemtype=\"https:\/\/schema.org\/CreativeWork\" ><div class='avia_textblock copytext'  itemprop=\"text\" ><p>\u00a9 Pond Security Service GmbH<\/p>\n<\/div><\/section>\n\n<\/div><\/div><\/main><!-- close content main element --><\/div><\/div><div id='av_section_2'  class='avia-section av-2tsml-7bcab417d69dc9dca29890b426995544 main_color avia-section-default avia-no-border-styling  avia-builder-el-2  el_after_av_section  avia-builder-el-last  avia-bg-style-scroll container_wrap fullsize'  ><div class='container av-section-cont-open' ><div class='template-page content  av-content-full alpha units'><div class='post-entry post-entry-type-page post-entry-158'><div class='entry-content-wrapper clearfix'>\n\n<style type=\"text\/css\" data-created_by=\"avia_inline_auto\" id=\"style-css-av-23gbp-9743c24e2564239892ac4ff9c5fee70f\">\n.flex_column.av-23gbp-9743c24e2564239892ac4ff9c5fee70f{\n-webkit-border-radius:0px 0px 0px 0px;\n-moz-border-radius:0px 0px 0px 0px;\nborder-radius:0px 0px 0px 0px;\npadding:0px 0px 0px 0px;\n}\n<\/style>\n<div  class='flex_column av-23gbp-9743c24e2564239892ac4ff9c5fee70f av_one_full  avia-builder-el-3  avia-builder-el-no-sibling  first flex_column_div av-zero-column-padding'     ><p>\n<style type=\"text\/css\" data-created_by=\"avia_inline_auto\" id=\"style-css-av-bkk9i-3a9fa5a7ddbaa17ea5bd0da36702aa1f\">\n#top .av-special-heading.av-bkk9i-3a9fa5a7ddbaa17ea5bd0da36702aa1f{\npadding-bottom:10px;\n}\nbody .av-special-heading.av-bkk9i-3a9fa5a7ddbaa17ea5bd0da36702aa1f .av-special-heading-tag .heading-char{\nfont-size:25px;\n}\n.av-special-heading.av-bkk9i-3a9fa5a7ddbaa17ea5bd0da36702aa1f .av-subheading{\nfont-size:15px;\n}\n<\/style>\n<div  class='av-special-heading av-bkk9i-3a9fa5a7ddbaa17ea5bd0da36702aa1f av-special-heading-h3  avia-builder-el-4  el_before_av_textblock  avia-builder-el-first'><h3 class='av-special-heading-tag'  itemprop=\"headline\"  >Liability<\/h3><div class=\"special-heading-border\"><div class=\"special-heading-inner-border\"><\/div><\/div><\/div><br \/>\n<section  class='av_textblock_section av-3ckh-9c13aedbf2960e587a6c5de2a52b977d'   itemscope=\"itemscope\" itemtype=\"https:\/\/schema.org\/CreativeWork\" ><div class='avia_textblock'  itemprop=\"text\" ><h3>Haftung f\u00fcr Inhalte<\/h3>\n<p>Als Diensteanbieter sind wir gem\u00e4\u00df \u00a7 7 Abs.1 TMG f\u00fcr eigene Inhalte auf diesen Seiten nach den allgemeinen Gesetzen verantwortlich. Nach \u00a7\u00a7 8 bis 10 TMG sind wir als Diensteanbieter jedoch nicht verpflichtet, \u00fcbermittelte oder gespeicherte fremde Informationen zu \u00fcberwachen oder nach Umst\u00e4nden zu forschen, die auf eine rechtswidrige T\u00e4tigkeit hinweisen.<\/p>\n<p>Verpflichtungen zur Entfernung oder Sperrung der Nutzung von Informationen nach den allgemeinen Gesetzen bleiben hiervon unber\u00fchrt. Eine diesbez\u00fcgliche Haftung ist jedoch erst ab dem Zeitpunkt der Kenntnis einer konkreten Rechtsverletzung m\u00f6glich. Bei Bekanntwerden von entsprechenden Rechtsverletzungen werden wir diese Inhalte umgehend entfernen.<\/p>\n<h3>Haftung f\u00fcr Links<\/h3>\n<p>Unser Angebot enth\u00e4lt Links zu externen Websites Dritter, auf deren Inhalte wir keinen Einfluss haben. Deshalb k\u00f6nnen wir f\u00fcr diese fremden Inhalte auch keine Gew\u00e4hr \u00fcbernehmen. F\u00fcr die Inhalte der verlinkten Seiten ist stets der jeweilige Anbieter oder Betreiber der Seiten verantwortlich. Die verlinkten Seiten wurden zum Zeitpunkt der Verlinkung auf m\u00f6gliche Rechtsverst\u00f6\u00dfe \u00fcberpr\u00fcft. Rechtswidrige Inhalte waren zum Zeitpunkt der Verlinkung nicht erkennbar.<\/p>\n<p>Eine permanente inhaltliche Kontrolle der verlinkten Seiten ist jedoch ohne konkrete Anhaltspunkte einer Rechtsverletzung nicht zumutbar. Bei Bekanntwerden von Rechtsverletzungen werden wir derartige Links umgehend entfernen.<\/p>\n<h3>Urheberrecht<\/h3>\n<p>Die durch die Seitenbetreiber erstellten Inhalte und Werke auf diesen Seiten unterliegen dem deutschen Urheberrecht. Die Vervielf\u00e4ltigung, Bearbeitung, Verbreitung und jede Art der Verwertung au\u00dferhalb der Grenzen des Urheberrechtes bed\u00fcrfen der schriftlichen Zustimmung des jeweiligen Autors bzw. Erstellers. Downloads und Kopien dieser Seite sind nur f\u00fcr den privaten, nicht kommerziellen Gebrauch gestattet.<\/p>\n<p>Soweit die Inhalte auf dieser Seite nicht vom Betreiber erstellt wurden, werden die Urheberrechte Dritter beachtet. Insbesondere werden Inhalte Dritter als solche gekennzeichnet. Sollten Sie trotzdem auf eine Urheberrechtsverletzung aufmerksam werden, bitten wir um einen entsprechenden Hinweis. Bei Bekanntwerden von Rechtsverletzungen werden wir derartige Inhalte umgehend entfernen.<\/p>\n<hr \/>\n<h3>Gleichstellungsklausel<\/h3>\n<p>Die Gleichstellung von Frauen, M\u00e4nnern und Divers stellt einen elementaren Aspekt unserer Gesellschaft dar. Daher sollen Frauen und Divers \u00fcberall dort, wo sie gemeint sind oder auch gemeint sein k\u00f6nnten, im Gegensatz zu einer verallgemeinernden, maskulinen Personenbezeichnung sprachlich zum Ausdruck kommen. Aus diesem Grund gelten alle personenbezogenen Inhalte, Beschreibungen, Bezeichnungen, Textpassagen und Phrasen auf dieser Webseite aus Gr\u00fcnden der Gleichbehandlung und Gleichstellung zur sprachlichen Gleichstellung f\u00fcr M\u00e4nner, Frauen und Divers gleicherma\u00dfen.<\/p>\n<\/div><\/section><\/p><\/div>","protected":false},"excerpt":{"rendered":"","protected":false},"author":1,"featured_media":0,"parent":0,"menu_order":997,"comment_status":"closed","ping_status":"closed","template":"","meta":[],"yoast_head":"<!-- This site is optimized with the Yoast SEO plugin v20.9 - https:\/\/yoast.com\/wordpress\/plugins\/seo\/ -->\n<title>Haftung | Bildungszentrum Pond Academy GmbH<\/title>\n<meta name=\"robots\" content=\"index, follow, max-snippet:-1, max-image-preview:large, max-video-preview:-1\" \/>\n<link rel=\"canonical\" href=\"https:\/\/pond-academy.com\/en\/haftung\/\" \/>\n<meta property=\"og:locale\" content=\"en_GB\" \/>\n<meta property=\"og:type\" content=\"article\" \/>\n<meta property=\"og:title\" content=\"Haftung | Bildungszentrum Pond Academy GmbH\" \/>\n<meta property=\"og:url\" content=\"https:\/\/pond-academy.com\/en\/haftung\/\" \/>\n<meta property=\"og:site_name\" content=\"Bildungszentrum Pond Academy GmbH\" \/>\n<meta property=\"article:modified_time\" content=\"2019-06-17T12:34:53+00:00\" \/>\n<meta property=\"og:image\" content=\"https:\/\/pond-academy.com\/wp-content\/uploads\/pond-logo-academy-neu.png\" \/>\n\t<meta property=\"og:image:width\" content=\"510\" \/>\n\t<meta property=\"og:image:height\" content=\"180\" \/>\n\t<meta property=\"og:image:type\" content=\"image\/png\" \/>\n<meta name=\"twitter:card\" content=\"summary_large_image\" \/>\n<meta name=\"twitter:label1\" content=\"Estimated reading time\" \/>\n\t<meta name=\"twitter:data1\" content=\"4 minutes\" \/>\n<script type=\"application\/ld+json\" class=\"yoast-schema-graph\">{\"@context\":\"https:\/\/schema.org\",\"@graph\":[{\"@type\":\"WebPage\",\"@id\":\"https:\/\/pond-academy.com\/haftung\/\",\"url\":\"https:\/\/pond-academy.com\/haftung\/\",\"name\":\"Haftung | Bildungszentrum Pond Academy GmbH\",\"isPartOf\":{\"@id\":\"https:\/\/pond-academy.com\/#website\"},\"datePublished\":\"2018-12-20T10:42:49+00:00\",\"dateModified\":\"2019-06-17T12:34:53+00:00\",\"breadcrumb\":{\"@id\":\"https:\/\/pond-academy.com\/haftung\/#breadcrumb\"},\"inLanguage\":\"en-GB\",\"potentialAction\":[{\"@type\":\"ReadAction\",\"target\":[\"https:\/\/pond-academy.com\/haftung\/\"]}]},{\"@type\":\"BreadcrumbList\",\"@id\":\"https:\/\/pond-academy.com\/haftung\/#breadcrumb\",\"itemListElement\":[{\"@type\":\"ListItem\",\"position\":1,\"name\":\"Startseite\",\"item\":\"https:\/\/pond-academy.com\/home\/\"},{\"@type\":\"ListItem\",\"position\":2,\"name\":\"Haftung\"}]},{\"@type\":\"WebSite\",\"@id\":\"https:\/\/pond-academy.com\/#website\",\"url\":\"https:\/\/pond-academy.com\/\",\"name\":\"Bildungszentrum Pond Academy GmbH\",\"description\":\"Die Pond Academy ist ein modernes Bildungszentrum in der Metropolregion Frankfurt\/Rhein-Main, das sich auf die Ausbildung im Sicherheitsgewerbe spezialisiert hat.\",\"publisher\":{\"@id\":\"https:\/\/pond-academy.com\/#organization\"},\"potentialAction\":[{\"@type\":\"SearchAction\",\"target\":{\"@type\":\"EntryPoint\",\"urlTemplate\":\"https:\/\/pond-academy.com\/?s={search_term_string}\"},\"query-input\":\"required name=search_term_string\"}],\"inLanguage\":\"en-GB\"},{\"@type\":\"Organization\",\"@id\":\"https:\/\/pond-academy.com\/#organization\",\"name\":\"Bildungszentrum Pond Academy GmbH\",\"url\":\"https:\/\/pond-academy.com\/\",\"logo\":{\"@type\":\"ImageObject\",\"inLanguage\":\"en-GB\",\"@id\":\"https:\/\/pond-academy.com\/#\/schema\/logo\/image\/\",\"url\":\"https:\/\/pond-academy.com\/wp-content\/uploads\/pond-academy-logo.png\",\"contentUrl\":\"https:\/\/pond-academy.com\/wp-content\/uploads\/pond-academy-logo.png\",\"width\":800,\"height\":323,\"caption\":\"Bildungszentrum Pond Academy GmbH\"},\"image\":{\"@id\":\"https:\/\/pond-academy.com\/#\/schema\/logo\/image\/\"}}]}<\/script>\n<!-- \/ Yoast SEO plugin. -->","yoast_head_json":{"title":"Haftung | Bildungszentrum Pond Academy GmbH","robots":{"index":"index","follow":"follow","max-snippet":"max-snippet:-1","max-image-preview":"max-image-preview:large","max-video-preview":"max-video-preview:-1"},"canonical":"https:\/\/pond-academy.com\/en\/haftung\/","og_locale":"en_GB","og_type":"article","og_title":"Haftung | Bildungszentrum Pond Academy GmbH","og_url":"https:\/\/pond-academy.com\/en\/haftung\/","og_site_name":"Bildungszentrum Pond Academy GmbH","article_modified_time":"2019-06-17T12:34:53+00:00","og_image":[{"width":510,"height":180,"url":"https:\/\/pond-academy.com\/wp-content\/uploads\/pond-logo-academy-neu.png","type":"image\/png"}],"twitter_card":"summary_large_image","twitter_misc":{"Estimated reading time":"4 minutes"},"schema":{"@context":"https:\/\/schema.org","@graph":[{"@type":"WebPage","@id":"https:\/\/pond-academy.com\/haftung\/","url":"https:\/\/pond-academy.com\/haftung\/","name":"Haftung | Bildungszentrum Pond Academy GmbH","isPartOf":{"@id":"https:\/\/pond-academy.com\/#website"},"datePublished":"2018-12-20T10:42:49+00:00","dateModified":"2019-06-17T12:34:53+00:00","breadcrumb":{"@id":"https:\/\/pond-academy.com\/haftung\/#breadcrumb"},"inLanguage":"en-GB","potentialAction":[{"@type":"ReadAction","target":["https:\/\/pond-academy.com\/haftung\/"]}]},{"@type":"BreadcrumbList","@id":"https:\/\/pond-academy.com\/haftung\/#breadcrumb","itemListElement":[{"@type":"ListItem","position":1,"name":"Startseite","item":"https:\/\/pond-academy.com\/home\/"},{"@type":"ListItem","position":2,"name":"Haftung"}]},{"@type":"WebSite","@id":"https:\/\/pond-academy.com\/#website","url":"https:\/\/pond-academy.com\/","name":"Bildungszentrum Pond Academy GmbH","description":"Die Pond Academy ist ein modernes Bildungszentrum in der Metropolregion Frankfurt\/Rhein-Main, das sich auf die Ausbildung im Sicherheitsgewerbe spezialisiert hat.","publisher":{"@id":"https:\/\/pond-academy.com\/#organization"},"potentialAction":[{"@type":"SearchAction","target":{"@type":"EntryPoint","urlTemplate":"https:\/\/pond-academy.com\/?s={search_term_string}"},"query-input":"required name=search_term_string"}],"inLanguage":"en-GB"},{"@type":"Organization","@id":"https:\/\/pond-academy.com\/#organization","name":"Bildungszentrum Pond Academy GmbH","url":"https:\/\/pond-academy.com\/","logo":{"@type":"ImageObject","inLanguage":"en-GB","@id":"https:\/\/pond-academy.com\/#\/schema\/logo\/image\/","url":"https:\/\/pond-academy.com\/wp-content\/uploads\/pond-academy-logo.png","contentUrl":"https:\/\/pond-academy.com\/wp-content\/uploads\/pond-academy-logo.png","width":800,"height":323,"caption":"Bildungszentrum Pond Academy GmbH"},"image":{"@id":"https:\/\/pond-academy.com\/#\/schema\/logo\/image\/"}}]}},"_links":{"self":[{"href":"https:\/\/pond-academy.com\/en\/wp-json\/wp\/v2\/pages\/158"}],"collection":[{"href":"https:\/\/pond-academy.com\/en\/wp-json\/wp\/v2\/pages"}],"about":[{"href":"https:\/\/pond-academy.com\/en\/wp-json\/wp\/v2\/types\/page"}],"author":[{"embeddable":true,"href":"https:\/\/pond-academy.com\/en\/wp-json\/wp\/v2\/users\/1"}],"replies":[{"embeddable":true,"href":"https:\/\/pond-academy.com\/en\/wp-json\/wp\/v2\/comments?post=158"}],"version-history":[{"count":1,"href":"https:\/\/pond-academy.com\/en\/wp-json\/wp\/v2\/pages\/158\/revisions"}],"predecessor-version":[{"id":3394,"href":"https:\/\/pond-academy.com\/en\/wp-json\/wp\/v2\/pages\/158\/revisions\/3394"}],"wp:attachment":[{"href":"https:\/\/pond-academy.com\/en\/wp-json\/wp\/v2\/media?parent=158"}],"curies":[{"name":"wp","href":"https:\/\/api.w.org\/{rel}","templated":true}]}}